{"id":2515,"date":"2025-11-03T13:06:08","date_gmt":"2025-11-03T16:06:08","guid":{"rendered":"https:\/\/fiancor.com.ar\/nuevaweb\/?page_id=2515"},"modified":"2025-11-03T14:43:14","modified_gmt":"2025-11-03T17:43:14","slug":"arrepentimiento","status":"publish","type":"page","link":"https:\/\/fiancor.com.ar\/nuevaweb\/arrepentimiento\/","title":{"rendered":"Arrepentimiento"},"content":{"rendered":"\t\t<div data-elementor-type=\"wp-page\" data-elementor-id=\"2515\" class=\"elementor elementor-2515\">\n\t\t\t\t<div class=\"elementor-element elementor-element-ca57519 e-con-full e-flex e-con e-parent\" data-id=\"ca57519\" data-element_type=\"container\">\n\t\t\t\t<div class=\"elementor-element elementor-element-f1d0a0c elementor-widget elementor-widget-heading\" data-id=\"f1d0a0c\" data-element_type=\"widget\" data-widget_type=\"heading.default\">\n\t\t\t\t<div class=\"elementor-widget-container\">\n\t\t\t\t\t<h2 class=\"elementor-heading-title elementor-size-default\">Formulario de arrepentimiento<\/h2>\t\t\t\t<\/div>\n\t\t\t\t<\/div>\n\t\t\t\t<div class=\"elementor-element elementor-element-5585557 elementor-widget elementor-widget-wpforms\" data-id=\"5585557\" data-element_type=\"widget\" data-widget_type=\"wpforms.default\">\n\t\t\t\t<div class=\"elementor-widget-container\">\n\t\t\t\t\t<div class=\"wpforms-container \" id=\"wpforms-2504\"><form id=\"wpforms-form-2504\" class=\"wpforms-validate wpforms-form\" data-formid=\"2504\" method=\"post\" enctype=\"multipart\/form-data\" action=\"\/nuevaweb\/wp-json\/wp\/v2\/pages\/2515\" data-token=\"3dc1a4aa3b53eb4bd4e176bba95f6dcd\" data-token-time=\"1775414680\"><noscript class=\"wpforms-error-noscript\">Por favor, activa JavaScript en tu navegador para completar este formulario.<\/noscript><div class=\"wpforms-field-container\"><div id=\"wpforms-2504-field_1-container\" class=\"wpforms-field wpforms-field-name\" data-field-id=\"1\"><label class=\"wpforms-field-label\">Nombre<\/label><div class=\"wpforms-field-row wpforms-field-medium\"><div class=\"wpforms-field-row-block wpforms-first wpforms-one-half\"><input type=\"text\" id=\"wpforms-2504-field_1\" class=\"wpforms-field-name-first\" name=\"wpforms[fields][1][first]\" ><label for=\"wpforms-2504-field_1\" class=\"wpforms-field-sublabel after\">Nombre<\/label><\/div><div class=\"wpforms-field-row-block wpforms-one-half\"><input type=\"text\" id=\"wpforms-2504-field_1-last\" class=\"wpforms-field-name-last\" name=\"wpforms[fields][1][last]\" ><label for=\"wpforms-2504-field_1-last\" class=\"wpforms-field-sublabel after\">Apellidos<\/label><\/div><\/div><\/div><div id=\"wpforms-2504-field_7-container\" class=\"wpforms-field wpforms-field-text\" data-field-id=\"7\"><label class=\"wpforms-field-label\" for=\"wpforms-2504-field_7\">Nro. de DNI<\/label><input type=\"text\" id=\"wpforms-2504-field_7\" class=\"wpforms-field-medium\" name=\"wpforms[fields][7]\" ><\/div>\t\t<div id=\"wpforms-2504-field_6-container\"\n\t\t\tclass=\"wpforms-field wpforms-field-text\"\n\t\t\tdata-field-type=\"text\"\n\t\t\tdata-field-id=\"6\"\n\t\t\t>\n\t\t\t<label class=\"wpforms-field-label\" for=\"wpforms-2504-field_6\" >adicionales cancelaci\u00f3n Comentarios<\/label>\n\t\t\t<input type=\"text\" id=\"wpforms-2504-field_6\" class=\"wpforms-field-medium\" name=\"wpforms[fields][6]\" >\n\t\t<\/div>\n\t\t<div id=\"wpforms-2504-field_2-container\" class=\"wpforms-field wpforms-field-email\" data-field-id=\"2\"><label class=\"wpforms-field-label\" for=\"wpforms-2504-field_2\">Correo electr\u00f3nico<\/label><input type=\"email\" id=\"wpforms-2504-field_2\" class=\"wpforms-field-medium\" name=\"wpforms[fields][2]\" spellcheck=\"false\" ><\/div><div id=\"wpforms-2504-field_3-container\" class=\"wpforms-field wpforms-field-select wpforms-field-select-style-classic\" data-field-id=\"3\"><label class=\"wpforms-field-label\" for=\"wpforms-2504-field_3\">Motivo de la cancelaci\u00f3n<\/label><select id=\"wpforms-2504-field_3\" class=\"wpforms-field-medium\" name=\"wpforms[fields][3]\"><option value=\"Precio demasiado alto\"  class=\"choice-1 depth-1\"  >Precio demasiado alto<\/option><option value=\"No utilizo el servicio\"  class=\"choice-2 depth-1\"  >No utilizo el servicio<\/option><option value=\"Encontr\u00e9 una mejor alternativa\"  class=\"choice-3 depth-1\"  >Encontr\u00e9 una mejor alternativa<\/option><option value=\"Problemas t\u00e9cnicos\"  class=\"choice-4 depth-1\"  >Problemas t\u00e9cnicos<\/option><option value=\"Otro\"  class=\"choice-5 depth-1\"  >Otro<\/option><\/select><\/div><div id=\"wpforms-2504-field_5-container\" class=\"wpforms-field wpforms-field-radio\" data-field-id=\"5\"><label class=\"wpforms-field-label\">\u00bfRecomendar\u00eda nuestro servicio a otros?<\/label><ul id=\"wpforms-2504-field_5\"><li class=\"choice-1 depth-1\"><input type=\"radio\" id=\"wpforms-2504-field_5_1\" name=\"wpforms[fields][5]\" value=\"S\u00ed\"  ><label class=\"wpforms-field-label-inline\" for=\"wpforms-2504-field_5_1\">S\u00ed<\/label><\/li><li class=\"choice-2 depth-1\"><input type=\"radio\" id=\"wpforms-2504-field_5_2\" name=\"wpforms[fields][5]\" value=\"No\"  ><label class=\"wpforms-field-label-inline\" for=\"wpforms-2504-field_5_2\">No<\/label><\/li><\/ul><\/div><div id=\"wpforms-2504-field_4-container\" class=\"wpforms-field wpforms-field-textarea\" data-field-id=\"4\"><label class=\"wpforms-field-label\" for=\"wpforms-2504-field_4\">Comentarios adicionales<\/label><textarea id=\"wpforms-2504-field_4\" class=\"wpforms-field-medium\" name=\"wpforms[fields][4]\" ><\/textarea><\/div><script>\n\t\t\t\t( function() {\n\t\t\t\t\tconst style = document.createElement( 'style' );\n\t\t\t\t\tstyle.appendChild( document.createTextNode( '#wpforms-2504-field_6-container { position: absolute !important; overflow: hidden !important; display: inline !important; height: 1px !important; width: 1px !important; z-index: -1000 !important; padding: 0 !important; } #wpforms-2504-field_6-container input { visibility: hidden; } #wpforms-conversational-form-page #wpforms-2504-field_6-container label { counter-increment: none; }' ) );\n\t\t\t\t\tdocument.head.appendChild( style );\n\t\t\t\t\tdocument.currentScript?.remove();\n\t\t\t\t} )();\n\t\t\t<\/script><\/div><!-- .wpforms-field-container --><div class=\"wpforms-submit-container\" ><input type=\"hidden\" name=\"wpforms[id]\" value=\"2504\"><input type=\"hidden\" name=\"page_title\" value=\"\"><input type=\"hidden\" name=\"page_url\" value=\"https:\/\/fiancor.com.ar\/nuevaweb\/wp-json\/wp\/v2\/pages\/2515\"><input type=\"hidden\" name=\"url_referer\" value=\"\"><button type=\"submit\" name=\"wpforms[submit]\" id=\"wpforms-submit-2504\" class=\"wpforms-submit\" data-alt-text=\"Enviando...\" data-submit-text=\"Enviar\" aria-live=\"assertive\" value=\"wpforms-submit\">Enviar<\/button><\/div><\/form><\/div>  <!-- .wpforms-container -->\t\t\t\t<\/div>\n\t\t\t\t<\/div>\n\t\t\t\t<div class=\"elementor-element elementor-element-d5f3ce9 elementor-widget elementor-widget-heading\" data-id=\"d5f3ce9\" data-element_type=\"widget\" data-widget_type=\"heading.default\">\n\t\t\t\t<div class=\"elementor-widget-container\">\n\t\t\t\t\t<h2 class=\"elementor-heading-title elementor-size-default\">A\u00f1ade aqu\u00ed tu texto de cabecera<\/h2>\t\t\t\t<\/div>\n\t\t\t\t<\/div>\n\t\t\t\t<\/div>\n\t\t\t\t<\/div>\n\t\t","protected":false},"excerpt":{"rendered":"<p>Formulario de arrepentimiento Por favor, activa JavaScript en tu navegador para completar este formulario.NombreNombreApellidosNro. de DNICorreo electr\u00f3nicoMotivo de la cancelaci\u00f3nPrecio demasiado altoNo utilizo el servicioEncontr\u00e9 una mejor alternativaProblemas t\u00e9cnicosOtro\u00bfRecomendar\u00eda nuestro servicio a otros? S\u00ed No Comentarios adicionales Enviar A\u00f1ade aqu\u00ed tu texto de cabecera<\/p>\n","protected":false},"author":3,"featured_media":0,"parent":0,"menu_order":0,"comment_status":"closed","ping_status":"closed","template":"","meta":{"site-sidebar-layout":"no-sidebar","site-content-layout":"page-builder","ast-site-content-layout":"full-width-container","site-content-style":"default","site-sidebar-style":"default","ast-global-header-display":"","ast-banner-title-visibility":"","ast-main-header-display":"","ast-hfb-above-header-display":"","ast-hfb-below-header-display":"","ast-hfb-mobile-header-display":"","site-post-title":"disabled","ast-breadcrumbs-content":"","ast-featured-img":"disabled","footer-sml-layout":"","theme-transparent-header-meta":"","adv-header-id-meta":"","stick-header-meta":"","header-above-stick-meta":"","header-main-stick-meta":"","header-below-stick-meta":"","astra-migrate-meta-layouts":"set","ast-page-background-enabled":"default","ast-page-background-meta":{"desktop":{"background-color":"var(--ast-global-color-4)","background-image":"","background-repeat":"repeat","background-position":"center center","background-size":"auto","background-attachment":"scroll","background-type":"","background-media":"","overlay-type":"","overlay-color":"","overlay-opacity":"","overlay-gradient":""},"tablet":{"background-color":"","background-image":"","background-repeat":"repeat","background-position":"center center","background-size":"auto","background-attachment":"scroll","background-type":"","background-media":"","overlay-type":"","overlay-color":"","overlay-opacity":"","overlay-gradient":""},"mobile":{"background-color":"","background-image":"","background-repeat":"repeat","background-position":"center center","background-size":"auto","background-attachment":"scroll","background-type":"","background-media":"","overlay-type":"","overlay-color":"","overlay-opacity":"","overlay-gradient":""}},"ast-content-background-meta":{"desktop":{"background-color":"var(--ast-global-color-5)","background-image":"","background-repeat":"repeat","background-position":"center center","background-size":"auto","background-attachment":"scroll","background-type":"","background-media":"","overlay-type":"","overlay-color":"","overlay-opacity":"","overlay-gradient":""},"tablet":{"background-color":"var(--ast-global-color-5)","background-image":"","background-repeat":"repeat","background-position":"center center","background-size":"auto","background-attachment":"scroll","background-type":"","background-media":"","overlay-type":"","overlay-color":"","overlay-opacity":"","overlay-gradient":""},"mobile":{"background-color":"var(--ast-global-color-5)","background-image":"","background-repeat":"repeat","background-position":"center center","background-size":"auto","background-attachment":"scroll","background-type":"","background-media":"","overlay-type":"","overlay-color":"","overlay-opacity":"","overlay-gradient":""}},"footnotes":""},"class_list":["post-2515","page","type-page","status-publish","hentry"],"_links":{"self":[{"href":"https:\/\/fiancor.com.ar\/nuevaweb\/wp-json\/wp\/v2\/pages\/2515","targetHints":{"allow":["GET"]}}],"collection":[{"href":"https:\/\/fiancor.com.ar\/nuevaweb\/wp-json\/wp\/v2\/pages"}],"about":[{"href":"https:\/\/fiancor.com.ar\/nuevaweb\/wp-json\/wp\/v2\/types\/page"}],"author":[{"embeddable":true,"href":"https:\/\/fiancor.com.ar\/nuevaweb\/wp-json\/wp\/v2\/users\/3"}],"replies":[{"embeddable":true,"href":"https:\/\/fiancor.com.ar\/nuevaweb\/wp-json\/wp\/v2\/comments?post=2515"}],"version-history":[{"count":5,"href":"https:\/\/fiancor.com.ar\/nuevaweb\/wp-json\/wp\/v2\/pages\/2515\/revisions"}],"predecessor-version":[{"id":2520,"href":"https:\/\/fiancor.com.ar\/nuevaweb\/wp-json\/wp\/v2\/pages\/2515\/revisions\/2520"}],"wp:attachment":[{"href":"https:\/\/fiancor.com.ar\/nuevaweb\/wp-json\/wp\/v2\/media?parent=2515"}],"curies":[{"name":"wp","href":"https:\/\/api.w.org\/{rel}","templated":true}]}}