{"id":2276,"date":"2025-06-27T17:56:43","date_gmt":"2025-06-27T17:56:43","guid":{"rendered":"https:\/\/fiancor.com.ar\/nuevaweb\/?page_id=2276"},"modified":"2025-08-01T16:08:20","modified_gmt":"2025-08-01T16:08:20","slug":"requisitos","status":"publish","type":"page","link":"https:\/\/fiancor.com.ar\/nuevaweb\/requisitos\/","title":{"rendered":"Requisitos"},"content":{"rendered":"\t\t<div data-elementor-type=\"wp-page\" data-elementor-id=\"2276\" class=\"elementor elementor-2276\">\n\t\t\t\t<div class=\"elementor-element elementor-element-48586d4 e-flex e-con-boxed e-con e-parent\" data-id=\"48586d4\" data-element_type=\"container\">\n\t\t\t\t\t<div class=\"e-con-inner\">\n\t\t<div class=\"elementor-element elementor-element-3c1da2e e-con-full e-flex e-con e-child\" data-id=\"3c1da2e\" data-element_type=\"container\">\n\t\t\t\t<div class=\"elementor-element elementor-element-f17e4cc elementor-widget elementor-widget-heading\" data-id=\"f17e4cc\" data-element_type=\"widget\" data-widget_type=\"heading.default\">\n\t\t\t\t<div class=\"elementor-widget-container\">\n\t\t\t\t\t<h2 class=\"elementor-heading-title elementor-size-default\">REQUISITOS PARA OBTENER UNA GARANT\u00cdA FIANCOR<\/h2>\t\t\t\t<\/div>\n\t\t\t\t<\/div>\n\t\t\t\t<div class=\"elementor-element elementor-element-a69fff0 elementor-widget elementor-widget-text-editor\" data-id=\"a69fff0\" data-element_type=\"widget\" data-widget_type=\"text-editor.default\">\n\t\t\t\t<div class=\"elementor-widget-container\">\n\t\t\t\t\t\t\t\t\t<p data-start=\"237\" data-end=\"433\"><span style=\"color: #000000;\">Para solicitar una Garant\u00eda Fiancor se necesitan <strong data-start=\"286\" data-end=\"311\">al menos dos personas<\/strong> que puedan demostrar ingresos en nuestro pa\u00eds, debiendo presentar la documentaci\u00f3n solicitada seg\u00fan su actividad laboral.<\/span><\/p><p data-start=\"237\" data-end=\"433\"><span style=\"color: #000000;\"><strong style=\"font-size: 16px;\" data-start=\"437\" data-end=\"452\">Importante:<\/strong><span style=\"font-size: 16px;\"> La suma de los ingresos presentados debe <\/span><strong style=\"font-size: 16px;\" data-start=\"494\" data-end=\"542\">triplicar el monto del alquiler m\u00e1s expensas<\/strong><span style=\"font-size: 16px;\">.<\/span><\/span><\/p><p data-start=\"545\" data-end=\"710\"><span style=\"color: #000000;\">Si el <strong data-start=\"551\" data-end=\"578\">solicitante (inquilino)<\/strong> no posee ingresos demostrables, podr\u00e1 <strong data-start=\"617\" data-end=\"642\">reforzar su solicitud<\/strong> con la presentaci\u00f3n adicional de uno (1) o m\u00e1s <strong data-start=\"690\" data-end=\"709\">co-solicitantes<\/strong>.<\/span><\/p><h3 data-start=\"717\" data-end=\"769\"><span style=\"color: #000000;\">Documentaci\u00f3n requerida seg\u00fan condici\u00f3n laboral:<\/span><\/h3><h4 data-start=\"771\" data-end=\"802\"><span style=\"color: #000000;\">Relaci\u00f3n de dependencia<\/span><\/h4><ul data-start=\"803\" data-end=\"1015\"><li data-start=\"803\" data-end=\"827\"><p data-start=\"805\" data-end=\"827\"><span style=\"color: #000000;\">DNI (frente y dorso)<\/span><\/p><\/li><li data-start=\"828\" data-end=\"910\"><p data-start=\"830\" data-end=\"910\"><span style=\"color: #000000;\">\u00daltimo recibo de haberes mensual o las 2 \u00faltimas quincenas (seg\u00fan corresponda)<\/span><\/p><\/li><li data-start=\"911\" data-end=\"1015\"><p data-start=\"913\" data-end=\"1015\"><span style=\"color: #000000;\">M\u00ednimo 3 meses de antig\u00fcedad laboral (se puede demostrar continuidad con recibo del empleo anterior)<\/span><\/p><\/li><\/ul><h4 data-start=\"1022\" data-end=\"1045\"><span style=\"color: #000000;\">\u00a0Monotributistas<\/span><\/h4><ul data-start=\"1046\" data-end=\"1244\"><li data-start=\"1046\" data-end=\"1070\"><p data-start=\"1048\" data-end=\"1070\"><span style=\"color: #000000;\">DNI (frente y dorso)<\/span><\/p><\/li><li data-start=\"1071\" data-end=\"1106\"><p data-start=\"1073\" data-end=\"1106\"><span style=\"color: #000000;\">3 \u00faltimos pagos del monotributo<\/span><\/p><\/li><li data-start=\"1107\" data-end=\"1156\"><p data-start=\"1109\" data-end=\"1156\"><span style=\"color: #000000;\">Constancia de categor\u00eda o inscripci\u00f3n en ARCA<\/span><\/p><\/li><li data-start=\"1157\" data-end=\"1213\"><p data-start=\"1159\" data-end=\"1213\"><span style=\"color: #000000;\">Detalle de facturaci\u00f3n de los \u00faltimos 3 meses (ARCA)<\/span><\/p><\/li><li data-start=\"1214\" data-end=\"1244\"><p data-start=\"1216\" data-end=\"1244\"><span style=\"color: #000000;\">M\u00ednimo 1 a\u00f1o de antig\u00fcedad<\/span><\/p><\/li><\/ul><h4 data-start=\"1251\" data-end=\"1292\"><span style=\"color: #000000;\">Responsable Inscripto \/ Aut\u00f3nomos<\/span><\/h4><ul data-start=\"1293\" data-end=\"1483\"><li data-start=\"1293\" data-end=\"1317\"><p data-start=\"1295\" data-end=\"1317\"><span style=\"color: #000000;\">DNI (frente y dorso)<\/span><\/p><\/li><li data-start=\"1318\" data-end=\"1426\"><p data-start=\"1320\" data-end=\"1426\"><span style=\"color: #000000;\">Declaraci\u00f3n jurada de ganancias (Formulario 711) <strong data-start=\"1369\" data-end=\"1374\">o<\/strong> 3 \u00faltimas presentaciones de IVA (Formulario 2002)<\/span><\/p><\/li><li data-start=\"1427\" data-end=\"1483\"><p data-start=\"1429\" data-end=\"1483\"><span style=\"color: #000000;\">Detalle de facturaci\u00f3n de los \u00faltimos 3 meses (ARCA)<\/span><\/p><\/li><\/ul><h4 data-start=\"1490\" data-end=\"1514\"><span style=\"color: #000000;\">\u00a0Otras categor\u00edas<\/span><\/h4><ul data-start=\"1515\" data-end=\"1526\"><li data-start=\"1515\" data-end=\"1526\"><p data-start=\"1517\" data-end=\"1526\"><span style=\"color: #000000;\">Consultar<\/span><\/p><\/li><\/ul><p>\u00a0<\/p>\t\t\t\t\t\t\t\t<\/div>\n\t\t\t\t<\/div>\n\t\t\t\t<\/div>\n\t\t<div class=\"elementor-element elementor-element-000d2fa e-con-full e-flex e-con e-child\" data-id=\"000d2fa\" data-element_type=\"container\">\n\t\t\t\t<div class=\"elementor-element elementor-element-b24483c elementor-align-center elementor-widget elementor-widget-button\" data-id=\"b24483c\" data-element_type=\"widget\" data-widget_type=\"button.default\">\n\t\t\t\t<div class=\"elementor-widget-container\">\n\t\t\t\t\t\t\t\t\t<div class=\"elementor-button-wrapper\">\n\t\t\t\t\t<a class=\"elementor-button elementor-button-link elementor-size-sm\" href=\"https:\/\/fiancor.com.ar\/nuevaweb\/pagina-de-calculos\/\">\n\t\t\t\t\t\t<span class=\"elementor-button-content-wrapper\">\n\t\t\t\t\t\t\t\t\t<span class=\"elementor-button-text\">Cotiz\u00e1 ahora<\/span>\n\t\t\t\t\t<\/span>\n\t\t\t\t\t<\/a>\n\t\t\t\t<\/div>\n\t\t\t\t\t\t\t\t<\/div>\n\t\t\t\t<\/div>\n\t\t<div class=\"elementor-element elementor-element-7cb70e4 e-con-full e-flex e-con e-child\" data-id=\"7cb70e4\" data-element_type=\"container\" data-settings=\"{&quot;background_background&quot;:&quot;slideshow&quot;,&quot;background_slideshow_gallery&quot;:[{&quot;id&quot;:1002,&quot;url&quot;:&quot;https:\\\/\\\/fiancor.com.ar\\\/nuevaweb\\\/wp-content\\\/uploads\\\/2025\\\/05\\\/pexels-mart-production-7415123-scaled.jpg&quot;}],&quot;background_slideshow_loop&quot;:&quot;yes&quot;,&quot;background_slideshow_slide_duration&quot;:5000,&quot;background_slideshow_slide_transition&quot;:&quot;fade&quot;,&quot;background_slideshow_transition_duration&quot;:500}\">\n\t\t\t\t<\/div>\n\t\t\t\t<\/div>\n\t\t\t\t\t<\/div>\n\t\t\t\t<\/div>\n\t\t\t\t<\/div>\n\t\t","protected":false},"excerpt":{"rendered":"<p>REQUISITOS PARA OBTENER UNA GARANT\u00cdA FIANCOR Para solicitar una Garant\u00eda Fiancor se necesitan al menos dos personas que puedan demostrar ingresos en nuestro pa\u00eds, debiendo presentar la documentaci\u00f3n solicitada seg\u00fan su actividad laboral. Importante: La suma de los ingresos presentados debe triplicar el monto del alquiler m\u00e1s expensas. Si el solicitante (inquilino) no posee ingresos [&hellip;]<\/p>\n","protected":false},"author":3,"featured_media":0,"parent":0,"menu_order":0,"comment_status":"closed","ping_status":"closed","template":"","meta":{"site-sidebar-layout":"no-sidebar","site-content-layout":"page-builder","ast-site-content-layout":"full-width-container","site-content-style":"default","site-sidebar-style":"default","ast-global-header-display":"","ast-banner-title-visibility":"","ast-main-header-display":"","ast-hfb-above-header-display":"","ast-hfb-below-header-display":"","ast-hfb-mobile-header-display":"","site-post-title":"disabled","ast-breadcrumbs-content":"","ast-featured-img":"disabled","footer-sml-layout":"","theme-transparent-header-meta":"","adv-header-id-meta":"","stick-header-meta":"","header-above-stick-meta":"","header-main-stick-meta":"","header-below-stick-meta":"","astra-migrate-meta-layouts":"set","ast-page-background-enabled":"default","ast-page-background-meta":{"desktop":{"background-color":"var(--ast-global-color-4)","background-image":"","background-repeat":"repeat","background-position":"center center","background-size":"auto","background-attachment":"scroll","background-type":"","background-media":"","overlay-type":"","overlay-color":"","overlay-opacity":"","overlay-gradient":""},"tablet":{"background-color":"","background-image":"","background-repeat":"repeat","background-position":"center center","background-size":"auto","background-attachment":"scroll","background-type":"","background-media":"","overlay-type":"","overlay-color":"","overlay-opacity":"","overlay-gradient":""},"mobile":{"background-color":"","background-image":"","background-repeat":"repeat","background-position":"center center","background-size":"auto","background-attachment":"scroll","background-type":"","background-media":"","overlay-type":"","overlay-color":"","overlay-opacity":"","overlay-gradient":""}},"ast-content-background-meta":{"desktop":{"background-color":"var(--ast-global-color-5)","background-image":"","background-repeat":"repeat","background-position":"center center","background-size":"auto","background-attachment":"scroll","background-type":"","background-media":"","overlay-type":"","overlay-color":"","overlay-opacity":"","overlay-gradient":""},"tablet":{"background-color":"var(--ast-global-color-5)","background-image":"","background-repeat":"repeat","background-position":"center center","background-size":"auto","background-attachment":"scroll","background-type":"","background-media":"","overlay-type":"","overlay-color":"","overlay-opacity":"","overlay-gradient":""},"mobile":{"background-color":"var(--ast-global-color-5)","background-image":"","background-repeat":"repeat","background-position":"center center","background-size":"auto","background-attachment":"scroll","background-type":"","background-media":"","overlay-type":"","overlay-color":"","overlay-opacity":"","overlay-gradient":""}},"footnotes":""},"class_list":["post-2276","page","type-page","status-publish","hentry"],"_links":{"self":[{"href":"https:\/\/fiancor.com.ar\/nuevaweb\/wp-json\/wp\/v2\/pages\/2276","targetHints":{"allow":["GET"]}}],"collection":[{"href":"https:\/\/fiancor.com.ar\/nuevaweb\/wp-json\/wp\/v2\/pages"}],"about":[{"href":"https:\/\/fiancor.com.ar\/nuevaweb\/wp-json\/wp\/v2\/types\/page"}],"author":[{"embeddable":true,"href":"https:\/\/fiancor.com.ar\/nuevaweb\/wp-json\/wp\/v2\/users\/3"}],"replies":[{"embeddable":true,"href":"https:\/\/fiancor.com.ar\/nuevaweb\/wp-json\/wp\/v2\/comments?post=2276"}],"version-history":[{"count":31,"href":"https:\/\/fiancor.com.ar\/nuevaweb\/wp-json\/wp\/v2\/pages\/2276\/revisions"}],"predecessor-version":[{"id":2422,"href":"https:\/\/fiancor.com.ar\/nuevaweb\/wp-json\/wp\/v2\/pages\/2276\/revisions\/2422"}],"wp:attachment":[{"href":"https:\/\/fiancor.com.ar\/nuevaweb\/wp-json\/wp\/v2\/media?parent=2276"}],"curies":[{"name":"wp","href":"https:\/\/api.w.org\/{rel}","templated":true}]}}